{"id":53303,"date":"2019-07-10T09:02:06","date_gmt":"2019-07-10T07:02:06","guid":{"rendered":"https:\/\/carriernow.eu\/contacto\/"},"modified":"2021-09-27T21:26:43","modified_gmt":"2021-09-27T19:26:43","slug":"contacto","status":"publish","type":"page","link":"https:\/\/carriernow.eu\/pt-pt\/contacto\/","title":{"rendered":"Contacto"},"content":{"rendered":"[et_pb_section fb_built=&#8221;1&#8243; _builder_version=&#8221;4.3.4&#8243; custom_padding=&#8221;1px||5px|||&#8221;][et_pb_row _builder_version=&#8221;4.3.4&#8243; custom_padding=&#8221;0px|||||&#8221;][et_pb_column type=&#8221;4_4&#8243; _builder_version=&#8221;4.3.4&#8243;][et_pb_contact_form email=&#8221;marketing.es@carrier.com&#8221; custom_message=&#8221;Formulario de contacto de la p\u00e1gina CarrierNow en Espa\u00f1ol||et_pb_line_break_holder||||et_pb_line_break_holder||Nombre: %%Nombre_y_apellidos%%||et_pb_line_break_holder||Tel\u00e9fono: %%Tel\u00e9fono%%||et_pb_line_break_holder||Email: %%Email%%||et_pb_line_break_holder||Empresa: %%Empresa%%||et_pb_line_break_holder||Cargo: %%Cargo%%||et_pb_line_break_holder||Mensaje: %%Mensaje%%&#8221; success_message=&#8221;Gracias. Nos pondremos en contacto con usted lo antes posible.&#8221; submit_button_text=&#8221;ENVIAR&#8221; module_class=&#8221;formularioestilo&#8221; _builder_version=&#8221;4.9.0&#8243; form_field_background_color=&#8221;#CED5E2&#8243; form_field_text_color=&#8221;#444444&#8243; form_field_focus_text_color=&#8221;#333333&#8243; custom_button=&#8221;on&#8221; button_text_size=&#8221;17px&#8221; button_text_color=&#8221;#ffffff&#8221; button_border_width=&#8221;1px&#8221; button_border_color=&#8221;#828282&#8243; button_border_radius=&#8221;5px&#8221; button_use_icon=&#8221;off&#8221; button_custom_padding=&#8221;0px|12px|0px|12px|true|true&#8221; border_radii=&#8221;on|20px|20px|20px|20px&#8221; box_shadow_style_button=&#8221;preset2&#8243; box_shadow_color_button=&#8221;#000000&#8243; global_module=&#8221;50655&#8243; saved_tabs=&#8221;all&#8221; button_bg_color__hover_enabled=&#8221;on|desktop&#8221; button_bg_color__hover=&#8221;#ffffff&#8221; button_bg_enable_color__hover=&#8221;on&#8221; box_shadow_color_button__hover_enabled=&#8221;on|hover&#8221; box_shadow_color_button__hover=&#8221;#8e8e8e&#8221; button_border_width__hover_enabled=&#8221;on|hover&#8221; button_border_width__hover=&#8221;1px&#8221; custom_css_before_last_edited=&#8221;on|desktop&#8221; button_text_color__hover_enabled=&#8221;on|desktop&#8221; button_text_color__hover=&#8221;#8c8c8c&#8221; use_spam_service=&#8221;on&#8221; recaptcha_list=&#8221;Default|Default-0&#8243; hover_enabled=&#8221;0&#8243; sticky_enabled=&#8221;0&#8243;][et_pb_contact_field field_id=&#8221;Nombre_y_apellidos&#8221; field_title=&#8221;Nombre y apellidos&#8221; fullwidth_field=&#8221;on&#8221; _builder_version=&#8221;4.4.2&#8243; border_radii=&#8221;on|0px|0px|0px|0px&#8221; button_text_size__hover_enabled=&#8221;off&#8221; button_one_text_size__hover_enabled=&#8221;off&#8221; button_two_text_size__hover_enabled=&#8221;off&#8221; button_text_color__hover_enabled=&#8221;off&#8221; button_one_text_color__hover_enabled=&#8221;off&#8221; button_two_text_color__hover_enabled=&#8221;off&#8221; button_border_width__hover_enabled=&#8221;off&#8221; button_one_border_width__hover_enabled=&#8221;off&#8221; button_two_border_width__hover_enabled=&#8221;off&#8221; button_border_color__hover_enabled=&#8221;off&#8221; button_one_border_color__hover_enabled=&#8221;off&#8221; button_two_border_color__hover_enabled=&#8221;off&#8221; button_border_radius__hover_enabled=&#8221;off&#8221; button_one_border_radius__hover_enabled=&#8221;off&#8221; button_two_border_radius__hover_enabled=&#8221;off&#8221; button_letter_spacing__hover_enabled=&#8221;off&#8221; button_one_letter_spacing__hover_enabled=&#8221;off&#8221; button_two_letter_spacing__hover_enabled=&#8221;off&#8221; button_bg_color__hover_enabled=&#8221;off&#8221; button_one_bg_color__hover_enabled=&#8221;off&#8221; button_two_bg_color__hover_enabled=&#8221;off&#8221;][\/et_pb_contact_field][et_pb_contact_field field_id=&#8221;Email&#8221; field_title=&#8221;Email&#8221; field_type=&#8221;email&#8221; _builder_version=&#8221;4.3.4&#8243; border_radii=&#8221;on|0px|0px|0px|0px&#8221; button_text_size__hover_enabled=&#8221;off&#8221; button_one_text_size__hover_enabled=&#8221;off&#8221; button_two_text_size__hover_enabled=&#8221;off&#8221; button_text_color__hover_enabled=&#8221;off&#8221; button_one_text_color__hover_enabled=&#8221;off&#8221; button_two_text_color__hover_enabled=&#8221;off&#8221; button_border_width__hover_enabled=&#8221;off&#8221; button_one_border_width__hover_enabled=&#8221;off&#8221; button_two_border_width__hover_enabled=&#8221;off&#8221; button_border_color__hover_enabled=&#8221;off&#8221; button_one_border_color__hover_enabled=&#8221;off&#8221; button_two_border_color__hover_enabled=&#8221;off&#8221; button_border_radius__hover_enabled=&#8221;off&#8221; button_one_border_radius__hover_enabled=&#8221;off&#8221; button_two_border_radius__hover_enabled=&#8221;off&#8221; button_letter_spacing__hover_enabled=&#8221;off&#8221; button_one_letter_spacing__hover_enabled=&#8221;off&#8221; button_two_letter_spacing__hover_enabled=&#8221;off&#8221; button_bg_color__hover_enabled=&#8221;off&#8221; button_one_bg_color__hover_enabled=&#8221;off&#8221; button_two_bg_color__hover_enabled=&#8221;off&#8221;][\/et_pb_contact_field][et_pb_contact_field field_id=&#8221;Tel\u00e9fono&#8221; field_title=&#8221;Tel\u00e9fono&#8221; allowed_symbols=&#8221;numbers&#8221; _builder_version=&#8221;4.3.4&#8243; border_radii=&#8221;on|0px|0px|0px|0px&#8221;][\/et_pb_contact_field][et_pb_contact_field field_id=&#8221;Empresa&#8221; field_title=&#8221;Empresa&#8221; _builder_version=&#8221;4.3.4&#8243; border_radii=&#8221;on|0px|0px|0px|0px&#8221;][\/et_pb_contact_field][et_pb_contact_field field_id=&#8221;Cargo&#8221; field_title=&#8221;Cargo&#8221; _builder_version=&#8221;4.3.4&#8243; border_radii=&#8221;on|0px|0px|0px|0px&#8221;][\/et_pb_contact_field][et_pb_contact_field field_id=&#8221;Mensaje&#8221; field_title=&#8221;Mensaje&#8221; field_type=&#8221;text&#8221; fullwidth_field=&#8221;on&#8221; _builder_version=&#8221;4.4.2&#8243; border_radii=&#8221;on|0px|0px|0px|0px&#8221; button_text_size__hover_enabled=&#8221;off&#8221; button_one_text_size__hover_enabled=&#8221;off&#8221; button_two_text_size__hover_enabled=&#8221;off&#8221; button_text_color__hover_enabled=&#8221;off&#8221; button_one_text_color__hover_enabled=&#8221;off&#8221; button_two_text_color__hover_enabled=&#8221;off&#8221; button_border_width__hover_enabled=&#8221;off&#8221; button_one_border_width__hover_enabled=&#8221;off&#8221; button_two_border_width__hover_enabled=&#8221;off&#8221; button_border_color__hover_enabled=&#8221;off&#8221; button_one_border_color__hover_enabled=&#8221;off&#8221; button_two_border_color__hover_enabled=&#8221;off&#8221; button_border_radius__hover_enabled=&#8221;off&#8221; button_one_border_radius__hover_enabled=&#8221;off&#8221; button_two_border_radius__hover_enabled=&#8221;off&#8221; button_letter_spacing__hover_enabled=&#8221;off&#8221; button_one_letter_spacing__hover_enabled=&#8221;off&#8221; button_two_letter_spacing__hover_enabled=&#8221;off&#8221; button_bg_color__hover_enabled=&#8221;off&#8221; button_one_bg_color__hover_enabled=&#8221;off&#8221; button_two_bg_color__hover_enabled=&#8221;off&#8221;][\/et_pb_contact_field][et_pb_contact_field field_id=&#8221;politica_de_privacidad&#8221; field_title=&#8221;Privacidad&#8221; field_type=&#8221;checkbox&#8221; checkbox_options=&#8221;%91{%22value%22:%22Autorizo el tratamiento de mis datos para gestionar el env\u00edo de la informaci\u00f3n que les solicite y para recibir ofertas de productos y servicios o noticias relevantes%22,%22checked%22:0,%22dragID%22:0,%22link_url%22:%22%22}%93&#8243; fullwidth_field=&#8221;on&#8221; _builder_version=&#8221;4.6.6&#8243; width=&#8221;100%&#8221;][\/et_pb_contact_field][\/et_pb_contact_form][\/et_pb_column][\/et_pb_row][et_pb_row _builder_version=&#8221;4.6.6&#8243; _module_preset=&#8221;default&#8221;][et_pb_column type=&#8221;4_4&#8243; _builder_version=&#8221;4.6.6&#8243; _module_preset=&#8221;default&#8221;][et_pb_text _builder_version=&#8221;4.6.6&#8243; _module_preset=&#8221;default&#8221;]\n<p>En cumplimiento de la normativa vigente en materia de protecci\u00f3n de datos, le informamos que los datos que usted nos facilite al contactar con nosotros ser\u00e1n tratados e incorporados a un fichero responsabilidad de Carrier Espa\u00f1a con domicilio en Avenida Real de Pinto 91, Edificio C, Escalera 2. Villaverde, 28021 MADRID, con la finalidad de gestionar la relaci\u00f3n comercial. Igualmente, para mantenerle informado sobre nuestros productos, promociones y\/o eventos propios, podremos enviarle informaci\u00f3n comercial al respecto, en base al inter\u00e9s leg\u00edtimo<\/p>\n<p>El plazo de conservaci\u00f3n de sus datos ser\u00e1 de 10 a\u00f1os con motivo de cumplir con las obligaciones legales de la empresa. No obstante, podr\u00e1 ejercer sus derechos de acceso, rectificaci\u00f3n, supresi\u00f3n, oposici\u00f3n, limitaci\u00f3n y portabilidad a trav\u00e9s de comunicaci\u00f3n por escrito a la direcci\u00f3n indicada o al siguiente correo electr\u00f3nico\u00a0<a href=\"mailto:marketing.es@carrier.com\">marketing.es@carrier.com<\/a>\u00a0aportando fotocopia de su DNI o documento equivalente e identificando el derecho que se solicita. Asimismo, en caso de considerar vulnerado su derecho a la protecci\u00f3n de datos personales, podr\u00e1n interponer una reclamaci\u00f3n ante la Agencia Espa\u00f1ola de Protecci\u00f3n de Datos (<a href=\"https:\/\/nam11.safelinks.protection.outlook.com\/?url=http%3A%2F%2Fwww.aepd.es%2F&amp;data=04%7C01%7CMiguel.Najera%40Carrier.com%7Cc8728b61faf34235addc08d89846088d%7C36839a657f3f4bac9ea4f571f10a9a03%7C0%7C0%7C637426773837962270%7CUnknown%7CTWFpbGZsb3d8eyJWIjoiMC4wLjAwMDAiLCJQIjoiV2luMzIiLCJBTiI6Ik1haWwiLCJXVCI6Mn0%3D%7C1000&amp;sdata=WZOfTMxN55rzllJVK2CwsZ%2FXPgdZ7KTZVuYYW5sjxX0%3D&amp;reserved=0\">www.aepd.es<\/a>).<\/p>\n[\/et_pb_text][\/et_pb_column][\/et_pb_row][\/et_pb_section]\n","protected":false},"excerpt":{"rendered":null,"protected":false},"author":1,"featured_media":0,"parent":0,"menu_order":0,"comment_status":"closed","ping_status":"closed","template":"","meta":{"_et_pb_use_builder":"on","_et_pb_old_content":"<!-- wp:table -->\n<table class=\"wp-block-table\"><tbody><tr><td>[ninja_form id=2]<\/td><\/tr><\/tbody><\/table>\n<!-- \/wp:table -->","_et_gb_content_width":"","_genesis_hide_title":false,"_genesis_hide_breadcrumbs":false,"_genesis_hide_singular_image":false,"_genesis_hide_footer_widgets":false,"_genesis_custom_body_class":"interior","_genesis_custom_post_class":"","_genesis_layout":"","footnotes":""},"class_list":["post-53303","page","type-page","status-publish","entry","has-post-thumbnail"],"acf":[],"_links":{"self":[{"href":"https:\/\/carriernow.eu\/pt-pt\/wp-json\/wp\/v2\/pages\/53303","targetHints":{"allow":["GET"]}}],"collection":[{"href":"https:\/\/carriernow.eu\/pt-pt\/wp-json\/wp\/v2\/pages"}],"about":[{"href":"https:\/\/carriernow.eu\/pt-pt\/wp-json\/wp\/v2\/types\/page"}],"author":[{"embeddable":true,"href":"https:\/\/carriernow.eu\/pt-pt\/wp-json\/wp\/v2\/users\/1"}],"replies":[{"embeddable":true,"href":"https:\/\/carriernow.eu\/pt-pt\/wp-json\/wp\/v2\/comments?post=53303"}],"version-history":[{"count":14,"href":"https:\/\/carriernow.eu\/pt-pt\/wp-json\/wp\/v2\/pages\/53303\/revisions"}],"predecessor-version":[{"id":54389,"href":"https:\/\/carriernow.eu\/pt-pt\/wp-json\/wp\/v2\/pages\/53303\/revisions\/54389"}],"wp:attachment":[{"href":"https:\/\/carriernow.eu\/pt-pt\/wp-json\/wp\/v2\/media?parent=53303"}],"curies":[{"name":"wp","href":"https:\/\/api.w.org\/{rel}","templated":true}]}}