{"id":53305,"date":"2019-07-08T16:02:35","date_gmt":"2019-07-08T14:02:35","guid":{"rendered":"https:\/\/carriernow.eu\/registro\/"},"modified":"2020-04-16T16:48:11","modified_gmt":"2020-04-16T14:48:11","slug":"registro","status":"publish","type":"page","link":"https:\/\/carriernow.eu\/pt-pt\/registro\/","title":{"rendered":"Criar uma conta"},"content":{"rendered":"\n\t<style>\n\tdiv {\n\t\tmargin-bottom:2px;\n\t}\n\n\tinput{\n\t\tmargin-bottom:4px;\n\t}\n\tinput[type=\"checkbox\"]{\n\t\theight: 1em;\n\t}\n\t<\/style>\n\t\n\n\t<script src=\"https:\/\/www.google.com\/recaptcha\/api.js?render=6LcVO7kaAAAAADCMta9GpHmR75bKv35A_P_lKsN5\"><\/script>\n\n\t<form action=\"\/registro\/\" method=\"POST\" id=\"form-registro\">\n\n\n\n\n\t<div>\n\t<label for=\"firstname\">Nome pr\u00f3prio <strong>*<\/strong><\/label>\n\t<input type=\"text\" name=\"fname\" value=\"\">\n\t<\/div>\n\n\t<div>\n\t<label for=\"lastname\">Apelido<\/label>\n\t<input type=\"text\" name=\"lname\" value=\"\">\n\t<\/div>\n\n\t<div>\n\t<label for=\"email\">Email <strong>*<\/strong><\/label>\n\t<input type=\"text\" name=\"email\" id=\"email\" value=\"\">\n\t<\/div>\n\n\t<div>\n\t<label for=\"password\">Contrasenha <strong>*<\/strong><\/label>\n\t<input type=\"password\" name=\"password\" value=\"\">\n\t<\/div>\n\n\n\t<div>\n\t<label for=\"phone\">Telefone<\/label>\n\t<input type=\"text\" name=\"telefono\" value=\"\">\n\t<\/div>\n\n\t<div>\n\t<label for=\"company\">Regi\u00e3o <strong>*<\/strong><\/label>    \n\t<select name=\"provincia\">\n\t<option value=\"\">Seleccione<\/option>\n\t<option value=\"Lisboa\" >Lisboa<\/option><option value=\"Leiria\" >Leiria<\/option><option value=\"Santar\u00e9m\" >Santar\u00e9m<\/option><option value=\"Set\u00fabal\" >Set\u00fabal<\/option><option value=\"Beja\" >Beja<\/option><option value=\"Faro\" >Faro<\/option><option value=\"\u00c9vora\" >\u00c9vora<\/option><option value=\"Portalegre\" >Portalegre<\/option><option value=\"Castelo Branco\" >Castelo Branco<\/option><option value=\"Guarda\" >Guarda<\/option><option value=\"Coimbra\" >Coimbra<\/option><option value=\"Aveiro\" >Aveiro<\/option><option value=\"Viseu\" >Viseu<\/option><option value=\"Bragan\u00e7a\" >Bragan\u00e7a<\/option><option value=\"Vila Real\" >Vila Real<\/option><option value=\"Porto\" >Porto<\/option><option value=\"Braga\" >Braga<\/option><option value=\"Viana do Castelo\" >Viana do Castelo<\/option><option value=\"\" >-----------<\/option><option value=\"INTERNACIONAL\">INTERNACIONAL<\/option>\n\t<\/select>\n\t<\/div>\n\n\t<div>\n\t<label for=\"company\">Perfil profissional <strong>*<\/strong><\/label>\n\t<select name=\"perfil_profesional\">\n\t<option value=\"\">Seleccione<\/option>\n\t<option value=\"Armazenista\" >Armazenista<\/option><option value=\"Arquitecto\" >Arquitecto<\/option><option value=\"Construtor\" >Construtor<\/option><option value=\"Engenheiro\/Consultor\" >Engenheiro\/Consultor<\/option><option value=\"Instalador\" >Instalador<\/option><option value=\"Empresa de manuten\u00e7\u00e3o\" >Empresa de manuten\u00e7\u00e3o<\/option><option value=\"Respons\u00e1vel de projecto\" >Respons\u00e1vel de projecto<\/option><option value=\"Promotor\/Investidor\" >Promotor\/Investidor<\/option><option value=\"Cliente Final\" >Cliente Final<\/option><option value=\"Estudante\" >Estudante<\/option><option value=\"Professor\" >Professor<\/option><option value=\"Outros\" >Outros<\/option>\n\t<\/select>\n\t<\/div>\n\n\t<div>\n\t<label for=\"company\">Empresa \/ Gabinete de Projecto<\/label>\n\t<input type=\"text\" name=\"empresa\" value=\"\">\n\t<\/div>\n\n\t<div>\n\t<label for=\"company\">CIF<\/label>\n\t<input type=\"text\" name=\"CIF\" value=\"\">    \n\t<\/div>\n\n\n\n\n\n\t<div>\n\t<p>De conformidad con la Ley Org\u00e1nica 15\/1999 de Protecci\u00f3n de Datos Personales le informamos de que al cumplimentar los datos para acceder al servicio da su consentimiento para que los datos personales queden incorporados al fichero \u201cClientes\u201d, del que es titular y responsable HVAC Clima Servicio y Controles Iberia, S.L., inscrito en la Agencia Espa\u00f1ola de Protecci\u00f3n de Datos, cuya finalidad es la gesti\u00f3n de la relaci\u00f3n contractual con usted y, en su caso, con la empresa a la que representa, as\u00ed como el env\u00edo de informaci\u00f3n comercial sobre nuestros productos y servicios. Podr\u00e1 ejercer los derechos de acceso, rectificaci\u00f3n, cancelaci\u00f3n y oposici\u00f3n establecidos en dicha Ley dirigi\u00e9ndose a HVAC Clima Servicio y Controles Iberia, S.L., a la direcci\u00f3n de correo electr\u00f3nico marketing.es@carrier.com o a la direcci\u00f3n postal Avda. Real de Pinto, 91. Edif. C - Esc. 2, 28021 Madrid, Espa\u00f1a<\/p><br>\n\t<label for=\"acepto\"><input type=\"checkbox\" name=\"acepto\" value=\"acepto\" \/> Autorizo el tratamiento de mis datos para gestionar el env\u00edo de la informaci\u00f3n que les solicite y para recibir ofertas de productos y servicios o noticias relevantes.<\/label>    \n\t<\/div>   \n\t<input type=\"hidden\" name=\"comercial\" value=\"\" \/>\n\t<input type=\"hidden\" name=\"redirect_to\" value=\"\" \/>\n\t<input type=\"submit\" name=\"submit\" class=\"btn-registro\" value=\"Inscrever-se\"\/>\n\t<hr>\n\t<p>J\u00e1 tem conta? <a href=\"https:\/\/carriernow.eu\/?page_id=57245\/#login\">Iniciar Sess\u00e3o<\/a>\n\t<\/form>\n\t\n","protected":false},"excerpt":{"rendered":null,"protected":false},"author":1,"featured_media":0,"parent":0,"menu_order":0,"comment_status":"closed","ping_status":"closed","template":"","meta":{"_et_pb_use_builder":"on","_et_pb_old_content":"<!-- wp:shortcode -->\n[cr_custom_registration]\n<!-- \/wp:shortcode -->","_et_gb_content_width":"","_genesis_hide_title":false,"_genesis_hide_breadcrumbs":false,"_genesis_hide_singular_image":false,"_genesis_hide_footer_widgets":false,"_genesis_custom_body_class":"interior","_genesis_custom_post_class":"","_genesis_layout":"full-width-content","footnotes":""},"class_list":["post-53305","page","type-page","status-publish","entry"],"acf":[],"_links":{"self":[{"href":"https:\/\/carriernow.eu\/pt-pt\/wp-json\/wp\/v2\/pages\/53305","targetHints":{"allow":["GET"]}}],"collection":[{"href":"https:\/\/carriernow.eu\/pt-pt\/wp-json\/wp\/v2\/pages"}],"about":[{"href":"https:\/\/carriernow.eu\/pt-pt\/wp-json\/wp\/v2\/types\/page"}],"author":[{"embeddable":true,"href":"https:\/\/carriernow.eu\/pt-pt\/wp-json\/wp\/v2\/users\/1"}],"replies":[{"embeddable":true,"href":"https:\/\/carriernow.eu\/pt-pt\/wp-json\/wp\/v2\/comments?post=53305"}],"version-history":[{"count":1,"href":"https:\/\/carriernow.eu\/pt-pt\/wp-json\/wp\/v2\/pages\/53305\/revisions"}],"predecessor-version":[{"id":53408,"href":"https:\/\/carriernow.eu\/pt-pt\/wp-json\/wp\/v2\/pages\/53305\/revisions\/53408"}],"wp:attachment":[{"href":"https:\/\/carriernow.eu\/pt-pt\/wp-json\/wp\/v2\/media?parent=53305"}],"curies":[{"name":"wp","href":"https:\/\/api.w.org\/{rel}","templated":true}]}}